{"id":177,"date":"2026-04-15T12:30:12","date_gmt":"2026-04-15T12:30:12","guid":{"rendered":"https:\/\/sg-poelich-detzem.de\/?page_id=177"},"modified":"2026-04-15T13:06:25","modified_gmt":"2026-04-15T13:06:25","slug":"1-mannschaft","status":"publish","type":"page","link":"https:\/\/sg-poelich-detzem.de\/en_en\/1-mannschaft\/","title":{"rendered":"First Team"},"content":{"rendered":"<p class=\"ext-animate--on\"><\/p>\n\n\n\n<p class=\"ext-animate--on\">Herzlich willkommen im Bereich unserer ersten Mannschaft! Hier findest du alles Wissenswerte \u00fcber unser Team, das in der aktuellen Saison <strong>2025\/26<\/strong> in der <strong>Kreisliga B (Staffel 10)<\/strong> auf Torejagd geht. Wir stehen f\u00fcr attraktiven Offensivfu\u00dfball und einen starken Zusammenhalt zwischen den Spielern aus P\u00f6lich\/Schleich und Detzem.<\/p>\n\n\n\n<div id=\"fp-widget_root-3COXvHPiaf91suL9E3TfAiuGUO3\"><a href=\"https:\/\/www.fupa.net\/club\/sv-poelich-schleich\" target=\"_blank\" rel=\"noopener\">SV P\u00f6lich-Schleich on FuPa<\/a><\/div>\n<script src=\"https:\/\/widget-api.fupa.net\/vendor\/widget.js?v1\"><\/script>","protected":false},"excerpt":{"rendered":"<p>Herzlich willkommen im Bereich unserer ersten Mannschaft! Hier findest du alles Wissenswerte \u00fcber unser Team, das in der aktuellen Saison 2025\/26 in der Kreisliga B (Staffel 10) auf Torejagd geht. Wir stehen f\u00fcr attraktiven Offensivfu\u00dfball und einen starken Zusammenhalt zwischen den Spielern aus P\u00f6lich\/Schleich und Detzem. SV P\u00f6lich-Schleich auf FuPa<\/p>","protected":false},"author":1,"featured_media":0,"parent":0,"menu_order":0,"comment_status":"closed","ping_status":"closed","template":"page-with-title","meta":{"footnotes":""},"class_list":["post-177","page","type-page","status-publish","hentry"],"_links":{"self":[{"href":"https:\/\/sg-poelich-detzem.de\/en_en\/wp-json\/wp\/v2\/pages\/177","targetHints":{"allow":["GET"]}}],"collection":[{"href":"https:\/\/sg-poelich-detzem.de\/en_en\/wp-json\/wp\/v2\/pages"}],"about":[{"href":"https:\/\/sg-poelich-detzem.de\/en_en\/wp-json\/wp\/v2\/types\/page"}],"author":[{"embeddable":true,"href":"https:\/\/sg-poelich-detzem.de\/en_en\/wp-json\/wp\/v2\/users\/1"}],"replies":[{"embeddable":true,"href":"https:\/\/sg-poelich-detzem.de\/en_en\/wp-json\/wp\/v2\/comments?post=177"}],"version-history":[{"count":23,"href":"https:\/\/sg-poelich-detzem.de\/en_en\/wp-json\/wp\/v2\/pages\/177\/revisions"}],"predecessor-version":[{"id":228,"href":"https:\/\/sg-poelich-detzem.de\/en_en\/wp-json\/wp\/v2\/pages\/177\/revisions\/228"}],"wp:attachment":[{"href":"https:\/\/sg-poelich-detzem.de\/en_en\/wp-json\/wp\/v2\/media?parent=177"}],"curies":[{"name":"wp","href":"https:\/\/api.w.org\/{rel}","templated":true}]}}