{"id":129,"date":"2026-04-08T13:14:07","date_gmt":"2026-04-08T13:14:07","guid":{"rendered":"https:\/\/sg-poelich-detzem.de\/impressum\/"},"modified":"2026-04-25T14:06:03","modified_gmt":"2026-04-25T14:06:03","slug":"impressum","status":"publish","type":"page","link":"https:\/\/sg-poelich-detzem.de\/en_en\/impressum\/","title":{"rendered":"Imprint"},"content":{"rendered":"<div class=\"wp-block-group alignfull is-style-ext-preset--group--natural-1--section has-background-background-color has-background has-global-padding is-layout-constrained wp-container-core-group-is-layout-6150fac0 wp-block-group-is-layout-constrained\" style=\"margin-top:0;margin-bottom:0;padding-top:var(--wp--preset--spacing--70);padding-bottom:var(--wp--preset--spacing--70)\">\n<p class=\"ext-animate--on\"><strong>Important Note: This imprint template has been created with the utmost care. Nevertheless, we do not assume any liability for the completeness and accuracy of the content, nor for its legal certainty. It is the user's responsibility to independently adapt the template to the currently applicable legal provisions and to check its accuracy. Liability for damages arising directly or indirectly from the use of this template is excluded.<\/strong> <br><br> <strong>Website Operator:<\/strong><br> <strong>SG P\u00f6lich\/Schleich\/Detzem 1921 e.V.<\/strong><br> At the sports field<br> DE-54340 P\u00f6lich<br> <br><br> <strong>Contact Information:<\/strong><br> Phone: <br> E-Mail: webmaster@sg-poelich.de<br> Website: sg-poelich-detzem.de<br><br> <strong>Authorized representatives:<\/strong><br> <strong>1. Chairman P\u00f6lich:<\/strong><br> Michael Scholer<br> Moselstr. 17<br> 54340 Schleich<\/p>\n\n\n\n<p class=\"ext-animate--on\"> <strong>1. Chairman Detzem:<\/strong><br> Albin Merten<br> Agritiusstr. 4<br> 54340 Detzem<br><br><br> <strong>Last updated:<\/strong><br> 28.04.2026<\/p>\n<\/div>","protected":false},"excerpt":{"rendered":"<p>Wichtiger Hinweis: Diese Impressum-Vorlage wurde mit gr\u00f6\u00dfter Sorgfalt erstellt. Dennoch \u00fcbernehmen wir keine Gew\u00e4hr f\u00fcr die Vollst\u00e4ndigkeit und Richtigkeit der Inhalte sowie f\u00fcr deren Rechtssicherheit. Es liegt in der Verantwortung des Nutzers, die Vorlage eigenst\u00e4ndig an die jeweils geltenden gesetzlichen Bestimmungen anzupassen und auf ihre Aktualit\u00e4t zu pr\u00fcfen. Eine Haftung f\u00fcr Sch\u00e4den, die direkt oder [&hellip;]<\/p>\n","protected":false},"author":1,"featured_media":0,"parent":0,"menu_order":0,"comment_status":"closed","ping_status":"closed","template":"page-with-title","meta":{"footnotes":""},"class_list":["post-129","page","type-page","status-publish","hentry"],"_links":{"self":[{"href":"https:\/\/sg-poelich-detzem.de\/en_en\/wp-json\/wp\/v2\/pages\/129","targetHints":{"allow":["GET"]}}],"collection":[{"href":"https:\/\/sg-poelich-detzem.de\/en_en\/wp-json\/wp\/v2\/pages"}],"about":[{"href":"https:\/\/sg-poelich-detzem.de\/en_en\/wp-json\/wp\/v2\/types\/page"}],"author":[{"embeddable":true,"href":"https:\/\/sg-poelich-detzem.de\/en_en\/wp-json\/wp\/v2\/users\/1"}],"replies":[{"embeddable":true,"href":"https:\/\/sg-poelich-detzem.de\/en_en\/wp-json\/wp\/v2\/comments?post=129"}],"version-history":[{"count":11,"href":"https:\/\/sg-poelich-detzem.de\/en_en\/wp-json\/wp\/v2\/pages\/129\/revisions"}],"predecessor-version":[{"id":298,"href":"https:\/\/sg-poelich-detzem.de\/en_en\/wp-json\/wp\/v2\/pages\/129\/revisions\/298"}],"wp:attachment":[{"href":"https:\/\/sg-poelich-detzem.de\/en_en\/wp-json\/wp\/v2\/media?parent=129"}],"curies":[{"name":"wp","href":"https:\/\/api.w.org\/{rel}","templated":true}]}}