{"id":111,"date":"2026-04-08T13:13:52","date_gmt":"2026-04-08T13:13:52","guid":{"rendered":"https:\/\/sg-poelich-detzem.de\/start\/"},"modified":"2026-05-02T17:38:06","modified_gmt":"2026-05-02T17:38:06","slug":"start","status":"publish","type":"page","link":"https:\/\/sg-poelich-detzem.de\/en_en\/","title":{"rendered":"Begin"},"content":{"rendered":"<div class=\"wp-block-group alignfull ext-hero-section is-style-ext-preset--group--natural-1--section has-background-background-color has-background has-global-padding is-layout-constrained wp-container-core-group-is-layout-e96f6837 wp-block-group-is-layout-constrained\" style=\"margin-top:0;margin-bottom:0;padding-top:0;padding-right:0;padding-bottom:0;padding-left:0\">\n<div class=\"wp-block-cover alignfull is-light is-style-default\" style=\"padding-top:var(--wp--preset--spacing--70);padding-right:var(--wp--preset--spacing--30);padding-bottom:var(--wp--preset--spacing--70);padding-left:var(--wp--preset--spacing--30);min-height:60vh;aspect-ratio:unset;\"><img loading=\"lazy\" decoding=\"async\" width=\"1114\" height=\"1440\" class=\"wp-block-cover__image-background wp-image-138\" alt=\"\" src=\"https:\/\/sg-poelich-detzem.de\/wp-content\/uploads\/2026\/04\/c65f282ada8fcac00389bc980d89370f4d73b1f4.jpg\" data-object-fit=\"cover\"\/><span aria-hidden=\"true\" class=\"wp-block-cover__background has-background-dim-0 has-background-dim\" style=\"background-color:#010101\"><\/span><div class=\"wp-block-cover__inner-container has-global-padding is-layout-constrained wp-container-core-cover-is-layout-01ff2e39 wp-block-cover-is-layout-constrained\">\n<div class=\"wp-block-group alignwide is-style-ext-preset--group--natural-1--item-card-1--align-start has-foreground-color has-background-background-color has-text-color has-background has-link-color wp-elements-eff0556d36c38b0bc7af6d7e28f09388 has-global-padding is-layout-constrained wp-block-group-is-layout-constrained is-style-ext-preset--group--natural-1--item-card-1--align-start--2\" style=\"padding-top:0;padding-bottom:0\">\n<div class=\"wp-block-group alignwide is-style-default has-background-background-color has-background is-vertical is-content-justification-center is-layout-flex wp-container-core-group-is-layout-8c83b79f wp-block-group-is-layout-flex\" style=\"padding-top:var(--wp--preset--spacing--50);padding-right:var(--wp--preset--spacing--50);padding-bottom:var(--wp--preset--spacing--50);padding-left:var(--wp--preset--spacing--50)\">\n<h1 class=\"wp-block-heading has-text-align-center ext-animate--on has-xx-large-font-size\">Stronger together for our young talents<\/h1>\n\n\n\n<p class=\"has-text-align-center ext-animate--on has-foreground-alt-color has-text-color has-link-color wp-elements-39a40e987dd79d1a40add3aaa48946ce\" style=\"margin-top:24px;font-size:clamp(14px, 0.875rem + ((1vw - 3.2px) * 0.417), 18px);\">As a sports community, we combine tradition and the future to offer young players and their families a professional and vibrant home. Stay informed about games, results, and news from our club.<\/p>\n\n\n\n<div class=\"wp-block-buttons ext-animate--on is-layout-flex wp-block-buttons-is-layout-flex\" style=\"margin-top:var(--wp--preset--spacing--30)\">\n<div class=\"wp-block-button is-style-ext-preset--button--natural-1--button-1 is-style-ext-preset--button--natural-1--button-1--3\"><a class=\"wp-block-button__link wp-element-button\" href=\"https:\/\/sg-poelich-detzem.de\/en_en\/kontakt\/\">Learn more<\/a><\/div>\n<\/div>\n<\/div>\n<\/div>\n<\/div><\/div>\n<\/div>\n\n\n\n<div class=\"wp-block-group alignfull is-style-ext-preset--group--natural-1--section has-tertiary-background-color has-background has-global-padding is-layout-constrained wp-block-group-is-layout-constrained\" id=\"ueber\" style=\"margin-top:0;margin-bottom:0;padding-top:var(--wp--preset--spacing--70);padding-bottom:var(--wp--preset--spacing--70)\">\n<div class=\"wp-block-columns alignwide are-vertically-aligned-center is-layout-flex wp-container-core-columns-is-layout-174606dc wp-block-columns-is-layout-flex\">\n<div class=\"wp-block-column is-vertically-aligned-center is-layout-flow wp-block-column-is-layout-flow\">\n<figure class=\"wp-block-image is-style-ext-preset--image--natural-1--image-1--content-right ext-animate--on is-style-ext-preset--image--natural-1--image-1--content-right--5\"><img loading=\"lazy\" decoding=\"async\" width=\"1440\" height=\"960\" src=\"https:\/\/sg-poelich-detzem.de\/wp-content\/uploads\/2026\/04\/7bb7b587762f2d8b7c153d75dd6514d4ae1b322c.jpg\" alt=\"\" class=\"wp-image-141\" style=\"aspect-ratio:1;object-fit:cover\" srcset=\"https:\/\/sg-poelich-detzem.de\/wp-content\/uploads\/2026\/04\/7bb7b587762f2d8b7c153d75dd6514d4ae1b322c.jpg 1440w, https:\/\/sg-poelich-detzem.de\/wp-content\/uploads\/2026\/04\/7bb7b587762f2d8b7c153d75dd6514d4ae1b322c-300x200.jpg 300w, https:\/\/sg-poelich-detzem.de\/wp-content\/uploads\/2026\/04\/7bb7b587762f2d8b7c153d75dd6514d4ae1b322c-1024x683.jpg 1024w, https:\/\/sg-poelich-detzem.de\/wp-content\/uploads\/2026\/04\/7bb7b587762f2d8b7c153d75dd6514d4ae1b322c-768x512.jpg 768w, https:\/\/sg-poelich-detzem.de\/wp-content\/uploads\/2026\/04\/7bb7b587762f2d8b7c153d75dd6514d4ae1b322c-18x12.jpg 18w\" sizes=\"auto, (max-width: 1440px) 100vw, 1440px\" \/><\/figure>\n<\/div>\n\n\n\n<div class=\"wp-block-column is-vertically-aligned-center is-layout-flow wp-block-column-is-layout-flow\">\n<h2 class=\"wp-block-heading ext-animate--on\">Community and sportsmanship for young talents<\/h2>\n\n\n\n<p class=\"ext-animate--on\" style=\"margin-top:1.5rem\">As a merger of VfB Detzem and SV P\u00f6lich-Schleich, we specifically promote youth development and offer current information on matches, results, and club news.<\/p>\n<\/div>\n<\/div>\n<\/div>\n\n\n\n<div class=\"wp-block-group alignfull is-style-ext-preset--group--natural-1--section has-background-background-color has-background has-global-padding is-layout-constrained wp-container-core-group-is-layout-e955bbaf wp-block-group-is-layout-constrained\" id=\"veranstaltungen\" style=\"margin-top:0;margin-bottom:0;padding-top:var(--wp--preset--spacing--70);padding-bottom:var(--wp--preset--spacing--70)\">\n<div class=\"wp-block-group alignwide ext-is-logical-start has-global-padding is-content-justification-left is-layout-constrained wp-container-core-group-is-layout-20186816 wp-block-group-is-layout-constrained\">\n<h2 class=\"wp-block-heading ext-animate--on\">Experience our club life live<\/h2>\n\n\n\n<p class=\"ext-animate--on\">Here you'll find current dates and exciting offers that enable direct contact with SG P\u00f6lich-Schleich \/ Detzem and promise unforgettable moments.<\/p>\n<\/div>\n\n\n\n<div class=\"wp-block-media-text alignwide is-stacked-on-mobile is-image-fill-element is-style-ext-preset--media-text--natural-1--card-1 has-tertiary-background-color has-background is-style-ext-preset--media-text--natural-1--card-1--7\" style=\"grid-template-columns:35% auto\"><figure class=\"wp-block-media-text__media\"><img loading=\"lazy\" decoding=\"async\" width=\"810\" height=\"1440\" src=\"https:\/\/sg-poelich-detzem.de\/wp-content\/uploads\/2026\/04\/c0a9e65ab786bc700205adbf46283f51483ad29d.jpg\" alt=\"\" class=\"wp-image-81 size-full\" style=\"object-position:50% 50%\" srcset=\"https:\/\/sg-poelich-detzem.de\/wp-content\/uploads\/2026\/04\/c0a9e65ab786bc700205adbf46283f51483ad29d.jpg 810w, https:\/\/sg-poelich-detzem.de\/wp-content\/uploads\/2026\/04\/c0a9e65ab786bc700205adbf46283f51483ad29d-169x300.jpg 169w, https:\/\/sg-poelich-detzem.de\/wp-content\/uploads\/2026\/04\/c0a9e65ab786bc700205adbf46283f51483ad29d-576x1024.jpg 576w, https:\/\/sg-poelich-detzem.de\/wp-content\/uploads\/2026\/04\/c0a9e65ab786bc700205adbf46283f51483ad29d-768x1365.jpg 768w\" sizes=\"auto, (max-width: 810px) 100vw, 810px\" \/><\/figure><div class=\"wp-block-media-text__content\">\n<div class=\"wp-block-group is-style-default has-global-padding is-layout-constrained wp-container-core-group-is-layout-a35945ca wp-block-group-is-layout-constrained\" style=\"min-height:100%;padding-top:var(--wp--preset--spacing--30);padding-right:var(--wp--preset--spacing--30);padding-bottom:var(--wp--preset--spacing--30);padding-left:var(--wp--preset--spacing--30)\">\n<h3 class=\"wp-block-heading\" style=\"font-size:clamp(15.747px, 0.984rem + ((1vw - 3.2px) * 0.86), 24px);\">Championship 2026 \u2013 Class B<\/h3>\n\n\n\n<div id=\"fp-widget_root-338kBYkpJ25HZVoD5F22vSFdFQd\"><a href=\"https:\/\/www.fupa.net\/club\/sv-poelich-schleich\" target=\"_blank\" rel=\"noopener\">SV P\u00f6lich-Schleich on FuPa<\/a><\/div>\n<script src=\"https:\/\/widget-api.fupa.net\/vendor\/widget.js?v1\"><\/script>\n<\/div>\n<\/div><\/div>\n\n\n\n<div class=\"wp-block-media-text alignwide is-stacked-on-mobile is-image-fill-element is-style-ext-preset--media-text--natural-1--card-1 ext-animate--on has-tertiary-background-color has-background is-style-ext-preset--media-text--natural-1--card-1--8\" style=\"grid-template-columns:35% auto\"><figure class=\"wp-block-media-text__media\"><img loading=\"lazy\" decoding=\"async\" width=\"810\" height=\"1440\" src=\"https:\/\/sg-poelich-detzem.de\/wp-content\/uploads\/2026\/04\/c0a9e65ab786bc700205adbf46283f51483ad29d.jpg\" alt=\"\" class=\"wp-image-81 size-full\" style=\"object-position:50% 50%\" srcset=\"https:\/\/sg-poelich-detzem.de\/wp-content\/uploads\/2026\/04\/c0a9e65ab786bc700205adbf46283f51483ad29d.jpg 810w, https:\/\/sg-poelich-detzem.de\/wp-content\/uploads\/2026\/04\/c0a9e65ab786bc700205adbf46283f51483ad29d-169x300.jpg 169w, https:\/\/sg-poelich-detzem.de\/wp-content\/uploads\/2026\/04\/c0a9e65ab786bc700205adbf46283f51483ad29d-576x1024.jpg 576w, https:\/\/sg-poelich-detzem.de\/wp-content\/uploads\/2026\/04\/c0a9e65ab786bc700205adbf46283f51483ad29d-768x1365.jpg 768w\" sizes=\"auto, (max-width: 810px) 100vw, 810px\" \/><\/figure><div class=\"wp-block-media-text__content\">\n<div class=\"wp-block-group is-style-default ext-animate--on has-global-padding is-layout-constrained wp-container-core-group-is-layout-a35945ca wp-block-group-is-layout-constrained\" style=\"min-height:100%;padding-top:var(--wp--preset--spacing--30);padding-right:var(--wp--preset--spacing--30);padding-bottom:var(--wp--preset--spacing--30);padding-left:var(--wp--preset--spacing--30)\">\n<h3 class=\"wp-block-heading ext-animate--on\" style=\"font-size:clamp(15.747px, 0.984rem + ((1vw - 3.2px) * 0.86), 24px);\">Championship 2026 \u2013 Class C<\/h3>\n\n\n\n<div id=\"fp-widget_root-3Cc5UA5f5KSC2sOPeFqR2CMUhET\"><a href=\"https:\/\/www.fupa.net\/club\/sv-poelich-schleich\" target=\"_blank\" rel=\"noopener\">SV P\u00f6lich-Schleich on FuPa<\/a><\/div>\n<script src=\"https:\/\/widget-api.fupa.net\/vendor\/widget.js?v1\"><\/script>\n<\/div>\n<\/div><\/div>\n\n\n\n\n\n\n\n<div class=\"wp-block-columns alignwide is-layout-flex wp-container-core-columns-is-layout-08c01c1c wp-block-columns-is-layout-flex\">\n<div class=\"wp-block-column is-vertically-aligned-stretch ext-animate--on is-layout-flow wp-block-column-is-layout-flow\"><\/div>\n\n\n\n<div class=\"wp-block-column is-vertically-aligned-stretch ext-animate--on is-layout-flow wp-block-column-is-layout-flow\"><\/div>\n<\/div>\n\n\n\n<div class=\"wp-block-columns alignwide is-layout-flex wp-container-core-columns-is-layout-967d05ff wp-block-columns-is-layout-flex\" style=\"margin-top:var(--wp--preset--spacing--40)\">\n<div class=\"wp-block-column is-vertically-aligned-stretch ext-animate--on is-layout-flow wp-block-column-is-layout-flow\"><\/div>\n\n\n\n<div class=\"wp-block-column is-vertically-aligned-stretch ext-animate--on is-layout-flow wp-block-column-is-layout-flow\"><\/div>\n<\/div>\n<\/div>\n\n\n\n<div class=\"wp-block-group alignfull is-style-ext-preset--group--natural-1--section ext-animate--on has-tertiary-background-color has-background has-global-padding is-layout-constrained wp-container-core-group-is-layout-e955bbaf wp-block-group-is-layout-constrained\" id=\"blog\" style=\"margin-top:0;margin-bottom:0;padding-top:var(--wp--preset--spacing--70);padding-bottom:var(--wp--preset--spacing--70)\">\n<div class=\"wp-block-group alignwide ext-is-logical-start has-global-padding is-content-justification-left is-layout-constrained wp-container-core-group-is-layout-6729bdbe wp-block-group-is-layout-constrained\">\n<h2 class=\"wp-block-heading ext-animate--on\">News<\/h2>\n\n\n\n<p class=\"has-text-align-left ext-animate--on\">Here you will find current reports, match reports, and exciting insights about SG P\u00f6lich-Schleich\/Detzem, to keep our members and fans always up to date.<\/p>\n<\/div>\n\n\n\n<div data-wp-context=\"{}\" data-wp-interactive=\"core\/query\" data-wp-key=\"10\" data-wp-router-region=\"query-10\" class=\"wp-block-query alignwide ext-animate--on is-layout-flow wp-block-query-is-layout-flow\"><ul class=\"columns-2 ext-animate--on wp-block-post-template is-layout-grid wp-container-core-post-template-is-layout-02493678 wp-block-post-template-is-layout-grid\"><li data-wp-key=\"post-template-item-114\" class=\"wp-block-post post-114 post type-post status-publish format-standard hentry category-uncategorized\">\n\n<div class=\"wp-block-group is-style-ext-preset--group--natural-1--item-card-1--align-start ext-animate--on has-global-padding is-layout-constrained wp-block-group-is-layout-constrained is-style-ext-preset--group--natural-1--item-card-1--align-start--12\">\n<div class=\"wp-block-group is-style-default ext-animate--on has-global-padding is-layout-constrained wp-block-group-is-layout-constrained\"><div style=\"font-size:14px;font-style:normal;font-weight:600\" class=\"taxonomy-category has-link-color ext-animate--on wp-elements-b5a12a77cb16a9d0fe554cbf97598d49 wp-block-post-terms\"><a href=\"https:\/\/sg-poelich-detzem.de\/en_en\/category\/uncategorized\/\" rel=\"tag\">Uncategorized<\/a><\/div>\n\n<h3 style=\"font-size:clamp(0.984rem, 0.984rem + ((1vw - 0.2rem) * 0.86), 1.5rem); margin-top:8px;margin-bottom:8px;\" class=\"ext-animate--on wp-block-post-title\"><a href=\"https:\/\/sg-poelich-detzem.de\/en_en\/die-geschichte-der-sg-poelich-schleich-detzem\/\" target=\"_self\" >The history of SG P\u00f6lich-Schleich\/Detzem<\/a><\/h3>\n\n<div style=\"margin-top:8px;margin-bottom:0;\" class=\"ext-animate--on wp-block-post-excerpt\"><p class=\"wp-block-post-excerpt__excerpt\">The SG P\u00f6lich-Schleich-Detzem stands for the successful pooling of sporting expertise in the upper Moselle valley. Our playing association is the result of a strategic merger of SV P\u00f6lich-Schleich and VfB Detzem, in order to secure and further develop the footballing location in the long term. \u201eThe secret of football is the team.\u201c... <\/p><\/div>\n\n\n<div class=\"wp-block-group ext-animate--on is-nowrap is-layout-flex wp-container-core-group-is-layout-3d15ce75 wp-block-group-is-layout-flex\" style=\"margin-top:24px;padding-top:0;padding-right:0;padding-bottom:0;padding-left:0\"><div class=\"ext-animate--on wp-block-avatar\"><a href=\"https:\/\/sg-poelich-detzem.de\/en_en\/author\/admin\/\" target=\"_self\"  class=\"wp-block-avatar__link\"><img alt='admin Avatar' src='https:\/\/secure.gravatar.com\/avatar\/3c0e4a344c60ce35315ef7993a9fb40044e706f89211671e0084c2aecd1671aa?s=48&#038;d=mm&#038;r=g' srcset='https:\/\/secure.gravatar.com\/avatar\/3c0e4a344c60ce35315ef7993a9fb40044e706f89211671e0084c2aecd1671aa?s=96&#038;d=mm&#038;r=g 2x' class='avatar avatar-48 photo wp-block-avatar__image' height='48' width='48'  style=\"border-radius:100px;\"\/><\/a><\/div>\n\n<div style=\"font-size:14px;font-style:normal;font-weight:600;text-decoration:none;\" class=\"ext-animate--on wp-block-post-author-name\"><a href=\"https:\/\/sg-poelich-detzem.de\/en_en\/author\/admin\/\" target=\"_self\" class=\"wp-block-post-author-name__link\">Administrator<\/a><\/div>\n\n\n<hr class=\"wp-block-separator has-alpha-channel-opacity ext-animate--on wp-container-content-4daaf377\"\/>\n\n\n<div style=\"font-size:14px;text-transform:lowercase;\" class=\"ext-animate--on wp-block-post-date\"><time datetime=\"2026-04-15T13:13:55+00:00\">2 weeks ago<\/time><\/div><\/div>\n<\/div>\n<\/div>\n\n<\/li><\/ul>\n\n<\/div>\n\n\n\n<div class=\"wp-block-buttons alignwide ext-animate--on is-layout-flex wp-block-buttons-is-layout-flex\">\n<div class=\"wp-block-button is-style-ext-preset--button--natural-1--button-1 ext-animate--on is-style-ext-preset--button--natural-1--button-1--13\"><a class=\"wp-block-button__link wp-element-button\" href=\"https:\/\/sg-poelich-detzem.de\/en_en\/blog\/\">Show more<\/a><\/div>\n<\/div>\n<\/div>\n\n\n\n\n\n<div class=\"wp-block-group alignfull is-style-ext-preset--group--natural-1--section ext-animate--off has-tertiary-background-color has-background has-global-padding is-layout-constrained wp-block-group-is-layout-constrained\" id=\"kontakt\" style=\"margin-top:0;margin-bottom:0;padding-top:var(--wp--preset--spacing--70);padding-bottom:var(--wp--preset--spacing--70)\">\n<div class=\"wp-block-media-text alignwide is-stacked-on-mobile is-image-fill-element is-style-ext-preset--media-text--natural-1--card-1 ext-animate--on has-background-background-color has-background is-style-ext-preset--media-text--natural-1--card-1--18\" style=\"grid-template-columns:48% auto\"><figure class=\"wp-block-media-text__media\"><img loading=\"lazy\" decoding=\"async\" width=\"1440\" height=\"960\" src=\"https:\/\/sg-poelich-detzem.de\/wp-content\/uploads\/2026\/04\/877c710971de4bfdcf831255ffbcf4359372b2ba.jpg\" alt=\"\" class=\"wp-image-79 size-full\" style=\"object-position:50% 50%\" srcset=\"https:\/\/sg-poelich-detzem.de\/wp-content\/uploads\/2026\/04\/877c710971de4bfdcf831255ffbcf4359372b2ba.jpg 1440w, https:\/\/sg-poelich-detzem.de\/wp-content\/uploads\/2026\/04\/877c710971de4bfdcf831255ffbcf4359372b2ba-300x200.jpg 300w, https:\/\/sg-poelich-detzem.de\/wp-content\/uploads\/2026\/04\/877c710971de4bfdcf831255ffbcf4359372b2ba-1024x683.jpg 1024w, https:\/\/sg-poelich-detzem.de\/wp-content\/uploads\/2026\/04\/877c710971de4bfdcf831255ffbcf4359372b2ba-768x512.jpg 768w\" sizes=\"auto, (max-width: 1440px) 100vw, 1440px\" \/><\/figure><div class=\"wp-block-media-text__content\">\n<div class=\"wp-block-group alignwide ext-animate--off has-global-padding is-layout-constrained wp-container-core-group-is-layout-48493932 wp-block-group-is-layout-constrained\" style=\"padding-top:var(--wp--preset--spacing--55);padding-right:var(--wp--preset--spacing--55);padding-bottom:var(--wp--preset--spacing--55);padding-left:var(--wp--preset--spacing--55)\">\n<div class=\"wp-block-contact-form-7-contact-form-selector\">\n<div class=\"wpcf7 no-js\" id=\"wpcf7-f33-o1\" lang=\"de-DE\" dir=\"ltr\" data-wpcf7-id=\"33\">\n<div class=\"screen-reader-response\"><p role=\"status\" aria-live=\"polite\" aria-atomic=\"true\"><\/p> <ul><\/ul><\/div>\n<form action=\"\/en_en\/wp-json\/wp\/v2\/pages\/111#wpcf7-f33-o1\" method=\"post\" class=\"wpcf7-form init\" aria-label=\"Kontaktformular\" novalidate=\"novalidate\" data-status=\"init\" data-trp-original-action=\"\/en_en\/wp-json\/wp\/v2\/pages\/111#wpcf7-f33-o1\">\n<fieldset class=\"hidden-fields-container\"><input type=\"hidden\" name=\"_wpcf7\" value=\"33\" \/><input type=\"hidden\" name=\"_wpcf7_version\" value=\"6.1.5\" \/><input type=\"hidden\" name=\"_wpcf7_locale\" value=\"de_DE\" \/><input type=\"hidden\" name=\"_wpcf7_unit_tag\" value=\"wpcf7-f33-o1\" \/><input type=\"hidden\" name=\"_wpcf7_container_post\" value=\"0\" \/><input type=\"hidden\" name=\"_wpcf7_posted_data_hash\" value=\"\" \/>\n<\/fieldset>\n<p><label> Your name<br \/>\n<span class=\"wpcf7-form-control-wrap\" data-name=\"your-name\"><input size=\"40\" maxlength=\"400\" class=\"wpcf7-form-control wpcf7-text wpcf7-validates-as-required\" autocomplete=\"name\" aria-required=\"true\" aria-invalid=\"false\" value=\"\" type=\"text\" name=\"your-name\" \/><\/span> <\/label>\n<\/p>\n<p><label> Your email address<br \/>\n<span class=\"wpcf7-form-control-wrap\" data-name=\"your-email\"><input size=\"40\" maxlength=\"400\" class=\"wpcf7-form-control wpcf7-email wpcf7-validates-as-required wpcf7-text wpcf7-validates-as-email\" autocomplete=\"email\" aria-required=\"true\" aria-invalid=\"false\" value=\"\" type=\"email\" name=\"your-email\" \/><\/span> <\/label>\n<\/p>\n<p><label> Subject<br \/>\n<span class=\"wpcf7-form-control-wrap\" data-name=\"your-subject\"><input size=\"40\" maxlength=\"400\" class=\"wpcf7-form-control wpcf7-text wpcf7-validates-as-required\" aria-required=\"true\" aria-invalid=\"false\" value=\"\" type=\"text\" name=\"your-subject\" \/><\/span> <\/label>\n<\/p>\n<p><label> Your message (optional)<br \/>\n<span class=\"wpcf7-form-control-wrap\" data-name=\"your-message\"><textarea cols=\"40\" rows=\"10\" maxlength=\"2000\" class=\"wpcf7-form-control wpcf7-textarea\" aria-invalid=\"false\" name=\"your-message\"><\/textarea><\/span> <\/label>\n<\/p>\n<div class=\"wpcf7-turnstile cf-turnstile\" data-sitekey=\"0x4AAAAAADHyAQUjixDowl21\" data-response-field-name=\"_wpcf7_turnstile_response\"><\/div>\n<p><input class=\"wpcf7-form-control wpcf7-submit has-spinner\" type=\"submit\" value=\"Send\" \/>\n<\/p><div class=\"wpcf7-response-output\" aria-hidden=\"true\"><\/div>\n<input type=\"hidden\" name=\"trp-form-language\" value=\"en_en\"\/><\/form>\n<\/div>\n<\/div>\n<\/div>\n<\/div><\/div>\n<\/div>","protected":false},"excerpt":{"rendered":"<p>Gemeinschaft und Sportlichkeit f\u00fcr junge Talente Als Zusammenschluss von VfB Detzem und SV P\u00f6lich-Schleich f\u00f6rdern wir gezielt den Nachwuchs und bieten aktuelle Informationen zu Spielen, Ergebnissen und Vereinsnews. Erleben Sie unser Vereinsleben live Hier finden Sie aktuelle Termine und spannende Angebote, die Ihnen den direkten Kontakt zur SG P\u00f6lich-Schleich \/ Detzem erm\u00f6glichen und unvergessliche Momente [&hellip;]<\/p>\n","protected":false},"author":1,"featured_media":0,"parent":0,"menu_order":0,"comment_status":"closed","ping_status":"closed","template":"no-title","meta":{"footnotes":""},"class_list":["post-111","page","type-page","status-publish","hentry"],"_links":{"self":[{"href":"https:\/\/sg-poelich-detzem.de\/en_en\/wp-json\/wp\/v2\/pages\/111","targetHints":{"allow":["GET"]}}],"collection":[{"href":"https:\/\/sg-poelich-detzem.de\/en_en\/wp-json\/wp\/v2\/pages"}],"about":[{"href":"https:\/\/sg-poelich-detzem.de\/en_en\/wp-json\/wp\/v2\/types\/page"}],"author":[{"embeddable":true,"href":"https:\/\/sg-poelich-detzem.de\/en_en\/wp-json\/wp\/v2\/users\/1"}],"replies":[{"embeddable":true,"href":"https:\/\/sg-poelich-detzem.de\/en_en\/wp-json\/wp\/v2\/comments?post=111"}],"version-history":[{"count":33,"href":"https:\/\/sg-poelich-detzem.de\/en_en\/wp-json\/wp\/v2\/pages\/111\/revisions"}],"predecessor-version":[{"id":337,"href":"https:\/\/sg-poelich-detzem.de\/en_en\/wp-json\/wp\/v2\/pages\/111\/revisions\/337"}],"wp:attachment":[{"href":"https:\/\/sg-poelich-detzem.de\/en_en\/wp-json\/wp\/v2\/media?parent=111"}],"curies":[{"name":"wp","href":"https:\/\/api.w.org\/{rel}","templated":true}]}}