{"id":109,"date":"2026-04-08T13:13:51","date_gmt":"2026-04-08T13:13:51","guid":{"rendered":"https:\/\/sg-poelich-detzem.de\/ueber\/"},"modified":"2026-05-02T17:34:28","modified_gmt":"2026-05-02T17:34:28","slug":"ueber","status":"publish","type":"page","link":"https:\/\/sg-poelich-detzem.de\/en_en\/ueber\/","title":{"rendered":"About"},"content":{"rendered":"<div class=\"wp-block-group alignfull is-style-ext-preset--group--natural-1--section has-background-background-color has-background has-global-padding is-layout-constrained wp-container-core-group-is-layout-6714b1d7 wp-block-group-is-layout-constrained\" id=\"ueber\" style=\"margin-top:0;margin-bottom:0;padding-top:var(--wp--preset--spacing--70);padding-bottom:var(--wp--preset--spacing--70)\">\n<h2 class=\"wp-block-heading has-text-align-center ext-animate--on\">Community and Engagement at SG P\u00f6lich-Schleich \/ Detzem<\/h2>\n\n\n\n<p class=\"has-text-align-center ext-animate--on\" style=\"margin-top:1.5rem\">Our association promotes athletic ambition and team spirit to nurture young talent and sustainably strengthen our community.<\/p>\n\n\n\n<div class=\"wp-block-columns alignwide is-layout-flex wp-container-core-columns-is-layout-28f84493 wp-block-columns-is-layout-flex\">\n<div class=\"wp-block-column ext-animate--on is-layout-flow wp-block-column-is-layout-flow\">\n<figure class=\"wp-block-image is-style-ext-preset-image-natural-1-image-1--content-bottom is-style-ext-preset--image--natural-1--image-1--content-bottom is-style-ext-preset--image--natural-1--image-1--content-bottom--2\"><img loading=\"lazy\" decoding=\"async\" width=\"1440\" height=\"960\" src=\"https:\/\/sg-poelich-detzem.de\/wp-content\/uploads\/2026\/04\/877c710971de4bfdcf831255ffbcf4359372b2ba.jpg\" alt=\"\" class=\"wp-image-79\" style=\"aspect-ratio:3\/4;object-fit:cover\" srcset=\"https:\/\/sg-poelich-detzem.de\/wp-content\/uploads\/2026\/04\/877c710971de4bfdcf831255ffbcf4359372b2ba.jpg 1440w, https:\/\/sg-poelich-detzem.de\/wp-content\/uploads\/2026\/04\/877c710971de4bfdcf831255ffbcf4359372b2ba-300x200.jpg 300w, https:\/\/sg-poelich-detzem.de\/wp-content\/uploads\/2026\/04\/877c710971de4bfdcf831255ffbcf4359372b2ba-1024x683.jpg 1024w, https:\/\/sg-poelich-detzem.de\/wp-content\/uploads\/2026\/04\/877c710971de4bfdcf831255ffbcf4359372b2ba-768x512.jpg 768w\" sizes=\"auto, (max-width: 1440px) 100vw, 1440px\" \/><\/figure>\n<\/div>\n\n\n\n<div class=\"wp-block-column ext-animate--on is-layout-flow wp-block-column-is-layout-flow\">\n<figure class=\"wp-block-image is-style-ext-preset-image-natural-1-image-1--content-bottom is-style-ext-preset--image--natural-1--image-1--content-bottom is-style-ext-preset--image--natural-1--image-1--content-bottom--3\"><img loading=\"lazy\" decoding=\"async\" width=\"1440\" height=\"960\" src=\"https:\/\/sg-poelich-detzem.de\/wp-content\/uploads\/2026\/04\/22914bf4986ef3bea757b355b5ba64cb6057efe0.jpg\" alt=\"\" class=\"wp-image-75\" style=\"aspect-ratio:3\/4;object-fit:cover\" srcset=\"https:\/\/sg-poelich-detzem.de\/wp-content\/uploads\/2026\/04\/22914bf4986ef3bea757b355b5ba64cb6057efe0.jpg 1440w, https:\/\/sg-poelich-detzem.de\/wp-content\/uploads\/2026\/04\/22914bf4986ef3bea757b355b5ba64cb6057efe0-300x200.jpg 300w, https:\/\/sg-poelich-detzem.de\/wp-content\/uploads\/2026\/04\/22914bf4986ef3bea757b355b5ba64cb6057efe0-1024x683.jpg 1024w, https:\/\/sg-poelich-detzem.de\/wp-content\/uploads\/2026\/04\/22914bf4986ef3bea757b355b5ba64cb6057efe0-768x512.jpg 768w\" sizes=\"auto, (max-width: 1440px) 100vw, 1440px\" \/><\/figure>\n<\/div>\n\n\n\n<div class=\"wp-block-column ext-animate--on is-layout-flow wp-block-column-is-layout-flow\">\n<figure class=\"wp-block-image is-style-ext-preset-image-natural-1-image-1--content-bottom is-style-ext-preset--image--natural-1--image-1--content-bottom is-style-ext-preset--image--natural-1--image-1--content-bottom--4\"><img loading=\"lazy\" decoding=\"async\" width=\"1440\" height=\"960\" src=\"https:\/\/sg-poelich-detzem.de\/wp-content\/uploads\/2026\/04\/df0cced19aeb59dd09939856c7d35ac63a7972bb.jpg\" alt=\"\" class=\"wp-image-72\" style=\"aspect-ratio:3\/4;object-fit:cover\" srcset=\"https:\/\/sg-poelich-detzem.de\/wp-content\/uploads\/2026\/04\/df0cced19aeb59dd09939856c7d35ac63a7972bb.jpg 1440w, https:\/\/sg-poelich-detzem.de\/wp-content\/uploads\/2026\/04\/df0cced19aeb59dd09939856c7d35ac63a7972bb-300x200.jpg 300w, https:\/\/sg-poelich-detzem.de\/wp-content\/uploads\/2026\/04\/df0cced19aeb59dd09939856c7d35ac63a7972bb-1024x683.jpg 1024w, https:\/\/sg-poelich-detzem.de\/wp-content\/uploads\/2026\/04\/df0cced19aeb59dd09939856c7d35ac63a7972bb-768x512.jpg 768w\" sizes=\"auto, (max-width: 1440px) 100vw, 1440px\" \/><\/figure>\n<\/div>\n<\/div>\n<\/div>\n\n\n\n<div class=\"wp-block-group alignfull is-style-ext-preset--group--natural-1--section has-tertiary-background-color has-background has-global-padding is-layout-constrained wp-container-core-group-is-layout-e955bbaf wp-block-group-is-layout-constrained\" id=\"team\" style=\"margin-top:0;margin-bottom:0;padding-top:var(--wp--preset--spacing--70);padding-bottom:var(--wp--preset--spacing--70)\">\n<div class=\"wp-block-group alignwide ext-is-logical-start has-global-padding is-content-justification-left is-layout-constrained wp-container-core-group-is-layout-20186816 wp-block-group-is-layout-constrained\">\n<h2 class=\"wp-block-heading ext-animate--on\">Tradition and youth shape our club<\/h2>\n\n\n\n<p class=\"ext-animate--on\">Meet the dedicated minds driving our sports club forward.<\/p>\n<\/div>\n\n\n\n<div class=\"wp-block-columns alignwide is-layout-flex wp-container-core-columns-is-layout-08c01c1c wp-block-columns-is-layout-flex\">\n<div class=\"wp-block-column is-vertically-aligned-stretch ext-animate--on is-layout-flow wp-block-column-is-layout-flow\">\n<div class=\"wp-block-group is-style-ext-preset--group--natural-1--item-card-1--align-start has-global-padding is-layout-constrained wp-block-group-is-layout-constrained is-style-ext-preset--group--natural-1--item-card-1--align-start--6\">\n<figure class=\"wp-block-image size-large\"><img loading=\"lazy\" decoding=\"async\" width=\"819\" height=\"1024\" src=\"https:\/\/sg-poelich-detzem.de\/wp-content\/uploads\/2026\/05\/patrickkastner-819x1024.jpg\" alt=\"\" class=\"wp-image-299\" style=\"aspect-ratio:1;object-fit:cover\" srcset=\"https:\/\/sg-poelich-detzem.de\/wp-content\/uploads\/2026\/05\/patrickkastner-819x1024.jpg 819w, https:\/\/sg-poelich-detzem.de\/wp-content\/uploads\/2026\/05\/patrickkastner-240x300.jpg 240w, https:\/\/sg-poelich-detzem.de\/wp-content\/uploads\/2026\/05\/patrickkastner-768x960.jpg 768w, https:\/\/sg-poelich-detzem.de\/wp-content\/uploads\/2026\/05\/patrickkastner-1229x1536.jpg 1229w, https:\/\/sg-poelich-detzem.de\/wp-content\/uploads\/2026\/05\/patrickkastner-1638x2048.jpg 1638w, https:\/\/sg-poelich-detzem.de\/wp-content\/uploads\/2026\/05\/patrickkastner-10x12.jpg 10w, https:\/\/sg-poelich-detzem.de\/wp-content\/uploads\/2026\/05\/patrickkastner.jpg 1920w\" sizes=\"auto, (max-width: 819px) 100vw, 819px\" \/><\/figure>\n\n\n\n<div class=\"wp-block-group is-style-default has-global-padding is-layout-constrained wp-block-group-is-layout-constrained\">\n<h3 class=\"wp-block-heading\" style=\"font-size:clamp(14px, 0.875rem + ((1vw - 3.2px) * 0.625), 20px);\">Patrick Kastner<\/h3>\n\n\n\n<p style=\"margin-top:0;margin-bottom:0;font-size:clamp(14px, 0.875rem + ((1vw - 3.2px) * 0.417), 18px);\">Sportlicher Leiter \/ Trainer SGP II<\/p>\n\n\n\n<p>With his passion, he fosters young talent and strengthens team spirit.<\/p>\n\n\n\n<ul class=\"wp-block-social-links has-normal-icon-size has-icon-color is-style-logos-only is-layout-flex wp-container-core-social-links-is-layout-0d829a00 wp-block-social-links-is-layout-flex\" style=\"margin-top:24px\"><\/ul>\n<\/div>\n<\/div>\n<\/div>\n\n\n\n<div class=\"wp-block-column is-vertically-aligned-stretch ext-animate--on is-layout-flow wp-block-column-is-layout-flow\">\n<div class=\"wp-block-group is-style-ext-preset--group--natural-1--item-card-1--align-start has-global-padding is-layout-constrained wp-block-group-is-layout-constrained is-style-ext-preset--group--natural-1--item-card-1--align-start--7\">\n<figure class=\"wp-block-image size-large\"><img loading=\"lazy\" decoding=\"async\" width=\"819\" height=\"1024\" src=\"https:\/\/sg-poelich-detzem.de\/wp-content\/uploads\/2026\/05\/sandrokreten-819x1024.jpg\" alt=\"\" class=\"wp-image-305\" style=\"aspect-ratio:1;object-fit:cover\" srcset=\"https:\/\/sg-poelich-detzem.de\/wp-content\/uploads\/2026\/05\/sandrokreten-819x1024.jpg 819w, https:\/\/sg-poelich-detzem.de\/wp-content\/uploads\/2026\/05\/sandrokreten-240x300.jpg 240w, https:\/\/sg-poelich-detzem.de\/wp-content\/uploads\/2026\/05\/sandrokreten-768x960.jpg 768w, https:\/\/sg-poelich-detzem.de\/wp-content\/uploads\/2026\/05\/sandrokreten-1229x1536.jpg 1229w, https:\/\/sg-poelich-detzem.de\/wp-content\/uploads\/2026\/05\/sandrokreten-1638x2048.jpg 1638w, https:\/\/sg-poelich-detzem.de\/wp-content\/uploads\/2026\/05\/sandrokreten-10x12.jpg 10w, https:\/\/sg-poelich-detzem.de\/wp-content\/uploads\/2026\/05\/sandrokreten.jpg 1920w\" sizes=\"auto, (max-width: 819px) 100vw, 819px\" \/><\/figure>\n\n\n\n<div class=\"wp-block-group is-style-default has-global-padding is-layout-constrained wp-block-group-is-layout-constrained\">\n<h3 class=\"wp-block-heading\" style=\"font-size:clamp(14px, 0.875rem + ((1vw - 3.2px) * 0.625), 20px);\">Sandro Kreten<\/h3>\n\n\n\n<p style=\"margin-top:0;margin-bottom:0;font-size:clamp(14px, 0.875rem + ((1vw - 3.2px) * 0.417), 18px);\">Interimstrainer SGP I<\/p>\n\n\n\n<p>\u00dcbernahm zur R\u00fcckrunde das Team der SGP I als Spielertrainer und \u00fcberzeugt mit spielerischer und taktischer Expertise.<\/p>\n\n\n\n<ul class=\"wp-block-social-links has-normal-icon-size has-icon-color is-style-logos-only is-layout-flex wp-container-core-social-links-is-layout-0d829a00 wp-block-social-links-is-layout-flex\" style=\"margin-top:24px\"><\/ul>\n<\/div>\n<\/div>\n<\/div>\n\n\n<\/div>\n<\/div>","protected":false},"excerpt":{"rendered":"<p>Gemeinschaft und Engagement beim SG P\u00f6lich-Schleich \/ Detzem Unser Verein f\u00f6rdert sportlichen Ehrgeiz und Teamgeist, um junge Talente zu f\u00f6rdern und unsere Gemeinschaft nachhaltig zu st\u00e4rken. Tradition und Jugend pr\u00e4gen unseren Verein Lernen Sie die engagierten K\u00f6pfe kennen, die unseren Sportverein voranbringen. Patrick Kastner Sportlicher Leiter \/ Trainer SGP II Mit seiner Leidenschaft f\u00f6rdert er [&hellip;]<\/p>\n","protected":false},"author":1,"featured_media":0,"parent":0,"menu_order":0,"comment_status":"closed","ping_status":"closed","template":"page-with-title","meta":{"footnotes":""},"class_list":["post-109","page","type-page","status-publish","hentry"],"_links":{"self":[{"href":"https:\/\/sg-poelich-detzem.de\/en_en\/wp-json\/wp\/v2\/pages\/109","targetHints":{"allow":["GET"]}}],"collection":[{"href":"https:\/\/sg-poelich-detzem.de\/en_en\/wp-json\/wp\/v2\/pages"}],"about":[{"href":"https:\/\/sg-poelich-detzem.de\/en_en\/wp-json\/wp\/v2\/types\/page"}],"author":[{"embeddable":true,"href":"https:\/\/sg-poelich-detzem.de\/en_en\/wp-json\/wp\/v2\/users\/1"}],"replies":[{"embeddable":true,"href":"https:\/\/sg-poelich-detzem.de\/en_en\/wp-json\/wp\/v2\/comments?post=109"}],"version-history":[{"count":29,"href":"https:\/\/sg-poelich-detzem.de\/en_en\/wp-json\/wp\/v2\/pages\/109\/revisions"}],"predecessor-version":[{"id":333,"href":"https:\/\/sg-poelich-detzem.de\/en_en\/wp-json\/wp\/v2\/pages\/109\/revisions\/333"}],"wp:attachment":[{"href":"https:\/\/sg-poelich-detzem.de\/en_en\/wp-json\/wp\/v2\/media?parent=109"}],"curies":[{"name":"wp","href":"https:\/\/api.w.org\/{rel}","templated":true}]}}